{"id":484,"date":"2020-07-11T16:09:12","date_gmt":"2020-07-11T16:09:12","guid":{"rendered":"http:\/\/www.soig.com.mx\/wp2\/tienda\/"},"modified":"2020-08-10T00:05:04","modified_gmt":"2020-08-10T00:05:04","slug":"tienda","status":"publish","type":"page","link":"https:\/\/www.soig.com.mx\/wp2\/tienda\/","title":{"rendered":"Tienda"},"content":{"rendered":"\n<p class=\"has-text-color has-medium-font-size has-vivid-red-color\"><strong><em>Pr\u00f3ximamente a la venta descarga de Archivos digitales en alta resoluci\u00f3n para impresi\u00f3n en  gran formato<\/em><\/strong>. <\/p>\n\n\n\n<div class=\"wp-block-group\"><div class=\"wp-block-group__inner-container is-layout-flow wp-block-group-is-layout-flow\">\n<p><strong>\u00abDETALLES DE LA LICENCIA:<\/strong><\/p>\n\n\n\n<div class=\"wp-block-group\"><div class=\"wp-block-group__inner-container is-layout-flow wp-block-group-is-layout-flow\">\n<p class=\"has-text-align-left\">Esta licencia garantiza al comprador un derecho no exclusivo, permanente y mundial para hacer uso de la obra digital que ha comprado.<\/p>\n\n\n\n<p class=\"has-text-align-left\">Usted est\u00e1 autorizado a utilizar la imagen para crear todos los Productos Finales derivados, para usted mismo o para clientes, como desee.<br>El Producto Final tambi\u00e9n se puede distribuir de forma gratuita.<\/p>\n\n\n\n<p class=\"has-text-align-left\">Un Producto Final es una implementaci\u00f3n personalizada de la imagen, en un formato digital.<\/p>\n\n\n\n<p class=\"has-text-align-left\">soig.com.mx tiene la plena propiedad y derechos de autor de todos los materiales digitales presentes en el sitio web soig.com.mx,<br><\/p>\n<\/div><\/div>\n<\/div><\/div>\n\n\n\n<p><\/p>\n","protected":false},"excerpt":{"rendered":"<p>Pr\u00f3ximamente a la venta descarga de Archivos digitales en alta resoluci\u00f3n para impresi\u00f3n en gran formato. \u00abDETALLES DE LA LICENCIA: Esta licencia garantiza al comprador un derecho no exclusivo, permanente y mundial para hacer uso de la obra digital que ha comprado. Usted est\u00e1 autorizado a utilizar la imagen para crear todos los Productos Finales [&hellip;]<\/p>\n","protected":false},"author":1,"featured_media":0,"parent":0,"menu_order":0,"comment_status":"closed","ping_status":"closed","template":"","meta":{"footnotes":""},"class_list":["post-484","page","type-page","status-publish","hentry"],"_links":{"self":[{"href":"https:\/\/www.soig.com.mx\/wp2\/wp-json\/wp\/v2\/pages\/484"}],"collection":[{"href":"https:\/\/www.soig.com.mx\/wp2\/wp-json\/wp\/v2\/pages"}],"about":[{"href":"https:\/\/www.soig.com.mx\/wp2\/wp-json\/wp\/v2\/types\/page"}],"author":[{"embeddable":true,"href":"https:\/\/www.soig.com.mx\/wp2\/wp-json\/wp\/v2\/users\/1"}],"replies":[{"embeddable":true,"href":"https:\/\/www.soig.com.mx\/wp2\/wp-json\/wp\/v2\/comments?post=484"}],"version-history":[{"count":12,"href":"https:\/\/www.soig.com.mx\/wp2\/wp-json\/wp\/v2\/pages\/484\/revisions"}],"predecessor-version":[{"id":873,"href":"https:\/\/www.soig.com.mx\/wp2\/wp-json\/wp\/v2\/pages\/484\/revisions\/873"}],"wp:attachment":[{"href":"https:\/\/www.soig.com.mx\/wp2\/wp-json\/wp\/v2\/media?parent=484"}],"curies":[{"name":"wp","href":"https:\/\/api.w.org\/{rel}","templated":true}]}}